{"id":8190,"date":"2020-07-16T08:48:52","date_gmt":"2020-07-16T08:48:52","guid":{"rendered":"https:\/\/www.vanbreak.com\/partner\/"},"modified":"2022-04-18T10:08:02","modified_gmt":"2022-04-18T10:08:02","slug":"partner","status":"publish","type":"page","link":"https:\/\/www.vanbreak.com\/es\/partner\/","title":{"rendered":"PARTNER"},"content":{"rendered":"<p>[vc_row bg_type=\u00bbcolor\u00bb bg_color=\u00bb#ebecf0&#8243; section_id=\u00bb#presse\u00bb][vc_column width=\u00bb1\/4&#8243;][\/vc_column][vc_column width=\u00bb1\/2&#8243;]<div class=\"grve-element grve-image-text grve-layout-1 grve-align-left\" style=\"\"><div class=\"grve-image grve-position-left\"><img decoding=\"async\" width=\"768\" height=\"576\" src=\"https:\/\/www.vanbreak.com\/wp-content\/uploads\/2017\/02\/FreerideTarifa-VerticalColor-RVB-768x576.png\" class=\"attachment-medium_large size-medium_large\" alt=\"\" srcset=\"https:\/\/www.vanbreak.com\/wp-content\/uploads\/2017\/02\/FreerideTarifa-VerticalColor-RVB-768x576.png 768w, https:\/\/www.vanbreak.com\/wp-content\/uploads\/2017\/02\/FreerideTarifa-VerticalColor-RVB-300x225.png 300w, https:\/\/www.vanbreak.com\/wp-content\/uploads\/2017\/02\/FreerideTarifa-VerticalColor-RVB-560x420.png 560w, https:\/\/www.vanbreak.com\/wp-content\/uploads\/2017\/02\/FreerideTarifa-VerticalColor-RVB-900x675.png 900w, https:\/\/www.vanbreak.com\/wp-content\/uploads\/2017\/02\/FreerideTarifa-VerticalColor-RVB-500x375.png 500w, https:\/\/www.vanbreak.com\/wp-content\/uploads\/2017\/02\/FreerideTarifa-VerticalColor-RVB-800x600.png 800w, https:\/\/www.vanbreak.com\/wp-content\/uploads\/2017\/02\/FreerideTarifa-VerticalColor-RVB.png 1024w\" sizes=\"(max-width: 768px) 100vw, 768px\" \/><\/div>  <div class=\"grve-content grve-position-right grve-align-left\"><h3 class=\"grve-title grve-heading-color grve-h3\">Ecole de KiteSurf - Tarifa<\/h3>  <p class=\"grve-description\">-10% de r\u00e9duction sur la location et les cours de KiteSurf<\/p><a href=\"https:\/\/freeridetarifa.com\/fr\/\" target=\"_blank\" rel=\"noopener noreferrer\" class=\"grve-link-text grve-read-more \">En savoir plus<\/a>  <\/div><\/div><div class=\"grve-empty-space grve-height-1x\" style=\"\"><\/div><div class=\"grve-element grve-image-text grve-layout-1 grve-align-left\" style=\"\"><div class=\"grve-image grve-position-left\"><img decoding=\"async\" width=\"110\" height=\"110\" src=\"https:\/\/www.vanbreak.com\/wp-content\/uploads\/2020\/07\/cropped-ebikespainR-1-1-3.png\" class=\"attachment-medium_large size-medium_large\" alt=\"eBike Spain Tarifa\" srcset=\"https:\/\/www.vanbreak.com\/wp-content\/uploads\/2020\/07\/cropped-ebikespainR-1-1-3.png 110w, https:\/\/www.vanbreak.com\/wp-content\/uploads\/2020\/07\/cropped-ebikespainR-1-1-3-100x100.png 100w\" sizes=\"(max-width: 110px) 100vw, 110px\" \/><\/div>  <div class=\"grve-content grve-position-right grve-align-left\"><h3 class=\"grve-title grve-heading-color grve-h3\">Location V\u00e9lo Electrique - Tarifa<\/h3>  <p class=\"grve-description\">-10% de r\u00e9duction pour la location de v\u00e9lo \u00e9lectrique <\/p><a href=\"https:\/\/www.ebike-spain.com\/\" class=\"grve-link-text grve-read-more \" target=\"_blank\" rel=\"noopener\">En savoir plus<\/a>  <\/div><\/div><div class=\"grve-empty-space grve-height-1x\" style=\"\"><\/div><div class=\"grve-element grve-image-text grve-layout-1 grve-align-left\" style=\"\"><div class=\"grve-image grve-position-left\"><img decoding=\"async\" width=\"170\" height=\"170\" src=\"https:\/\/www.vanbreak.com\/wp-content\/uploads\/2017\/02\/pies-surf-el-palmar.png\" class=\"attachment-full size-full\" alt=\"VanBreak y Normandy Campers\" srcset=\"https:\/\/www.vanbreak.com\/wp-content\/uploads\/2017\/02\/pies-surf-el-palmar.png 170w, https:\/\/www.vanbreak.com\/wp-content\/uploads\/2017\/02\/pies-surf-el-palmar-150x150.png 150w, https:\/\/www.vanbreak.com\/wp-content\/uploads\/2017\/02\/pies-surf-el-palmar-100x100.png 100w\" sizes=\"(max-width: 170px) 100vw, 170px\" \/><\/div>  <div class=\"grve-content grve-position-right grve-align-left\"><h3 class=\"grve-title grve-heading-color grve-h3\">Ecole de Surf - El Palmar<\/h3>  <p class=\"grve-description\">-10% de r\u00e9duction sur la location et cours de surf : <\/p><a href=\"https:\/\/www.escueladesurf9pies.com\/es\" class=\"grve-link-text grve-read-more \" target=\"_blank\" rel=\"noopener\">En savoir plus<\/a>  <\/div><\/div><div class=\"grve-empty-space grve-height-1x\" style=\"\"><\/div><div class=\"grve-element grve-image-text grve-layout-1 grve-align-left\" style=\"\"><div class=\"grve-image grve-position-left\"><img decoding=\"async\" width=\"150\" height=\"150\" src=\"https:\/\/www.vanbreak.com\/wp-content\/uploads\/2020\/07\/exit-e1594888177126.jpeg\" class=\"attachment-medium_large size-medium_large\" alt=\"Cocktail bar tarifa - Exit Bar\" srcset=\"https:\/\/www.vanbreak.com\/wp-content\/uploads\/2020\/07\/exit-e1594888177126.jpeg 150w, https:\/\/www.vanbreak.com\/wp-content\/uploads\/2020\/07\/exit-e1594888177126-100x100.jpeg 100w\" sizes=\"(max-width: 150px) 100vw, 150px\" \/><\/div>  <div class=\"grve-content grve-position-right grve-align-left\"><h3 class=\"grve-title grve-heading-color grve-h3\">Cocktail Bar - Tarifa<\/h3>  <p class=\"grve-description\">L&#8217;Exit Bar vous offre un verre de bienvenue <\/p><a href=\"https:\/\/www.facebook.com\/exitbartarifa\/\" class=\"grve-link-text grve-read-more \" target=\"_blank\" rel=\"noopener\">En savoir plus<\/a>  <\/div><\/div><div class=\"grve-empty-space grve-height-1x\" style=\"\"><\/div><div class=\"grve-element grve-image-text grve-layout-1 grve-align-left\" style=\"\"><div class=\"grve-image grve-position-left\"><img decoding=\"async\" width=\"250\" height=\"99\" src=\"https:\/\/www.vanbreak.com\/wp-content\/uploads\/2020\/07\/happykayak.png\" class=\"attachment-medium_large size-medium_large\" alt=\"HappyKayak\" \/><\/div>  <div class=\"grve-content grve-position-right grve-align-left\"><h3 class=\"grve-title grve-heading-color grve-h3\">Location de Kayak - Cabo de Gata<\/h3>  <p class=\"grve-description\">-15% de r\u00e9duction sur la location de Kayak<\/p><a href=\"https:\/\/happykayak.com\/\" class=\"grve-link-text grve-read-more \" target=\"_blank\" rel=\"noopener\">En savoir plus<\/a>  <\/div><\/div><div class=\"grve-empty-space grve-height-1x\" style=\"\"><\/div><div class=\"grve-element grve-image-text grve-layout-1 grve-align-left\" style=\"\"><div class=\"grve-image grve-position-left\"><img decoding=\"async\" width=\"250\" height=\"154\" src=\"https:\/\/www.vanbreak.com\/wp-content\/uploads\/2020\/07\/abysub.jpg\" class=\"attachment-medium_large size-medium_large\" alt=\"AbySub\" \/><\/div>  <div class=\"grve-content grve-position-right grve-align-left\"><h3 class=\"grve-title grve-heading-color grve-h3\">Centre de Plong\u00e9e PADI - Fuengirola<\/h3>  <p class=\"grve-description\">-15% de r\u00e9duction sur la location de mat\u00e9riel et cours de plong\u00e9e<\/p><a href=\"https:\/\/www.abysub.com\/\" target=\"_blank\" rel=\"noopener noreferrer\" class=\"grve-link-text grve-read-more \">En savoir plus<\/a>  <\/div><\/div><div class=\"grve-empty-space grve-height-1x\" style=\"\"><\/div><div class=\"grve-element grve-image-text grve-layout-1 grve-align-left\" style=\"\"><div class=\"grve-image grve-position-left\"><img decoding=\"async\" width=\"768\" height=\"303\" src=\"https:\/\/www.vanbreak.com\/wp-content\/uploads\/2022\/04\/Logo-amoureux-GRAND-fond-blanc-768x303.jpg\" class=\"attachment-medium_large size-medium_large\" alt=\"\" srcset=\"https:\/\/www.vanbreak.com\/wp-content\/uploads\/2022\/04\/Logo-amoureux-GRAND-fond-blanc-768x303.jpg 768w, https:\/\/www.vanbreak.com\/wp-content\/uploads\/2022\/04\/Logo-amoureux-GRAND-fond-blanc-300x118.jpg 300w, https:\/\/www.vanbreak.com\/wp-content\/uploads\/2022\/04\/Logo-amoureux-GRAND-fond-blanc-1024x404.jpg 1024w, https:\/\/www.vanbreak.com\/wp-content\/uploads\/2022\/04\/Logo-amoureux-GRAND-fond-blanc-1536x606.jpg 1536w, https:\/\/www.vanbreak.com\/wp-content\/uploads\/2022\/04\/Logo-amoureux-GRAND-fond-blanc-1920x757.jpg 1920w, https:\/\/www.vanbreak.com\/wp-content\/uploads\/2022\/04\/Logo-amoureux-GRAND-fond-blanc-500x197.jpg 500w, https:\/\/www.vanbreak.com\/wp-content\/uploads\/2022\/04\/Logo-amoureux-GRAND-fond-blanc-800x315.jpg 800w\" sizes=\"(max-width: 768px) 100vw, 768px\" \/><\/div>  <div class=\"grve-content grve-position-right grve-align-left\"><h3 class=\"grve-title grve-heading-color grve-h3\">Amoureux de l'Andalousie - Blog Voyage<\/h3>  <p class=\"grve-description\">Tous les bons plans d&#8217;Andalousie, revisit\u00e9e par des fran\u00e7ais.<\/p><a href=\"https:\/\/amoureux-andalousie.com\/\" target=\"_blank\" rel=\"noopener noreferrer\" class=\"grve-link-text grve-read-more \">D\u00e9couvrir<\/a>  <\/div><\/div><div class=\"grve-empty-space grve-height-1x\" style=\"\"><\/div>[\/vc_column][vc_column width=\u00bb1\/4&#8243;][\/vc_column][\/vc_row]<\/p>\n","protected":false},"excerpt":{"rendered":"<p>[vc_row bg_type=\u00bbcolor\u00bb bg_color=\u00bb#ebecf0&#8243; section_id=\u00bb#presse\u00bb][vc_column width=\u00bb1\/4&#8243;][\/vc_column][vc_column width=\u00bb1\/2&#8243;][\/vc_column][vc_column width=\u00bb1\/4&#8243;][\/vc_column][\/vc_row]<\/p>\n","protected":false},"author":2,"featured_media":3187,"parent":0,"menu_order":0,"comment_status":"closed","ping_status":"closed","template":"","meta":{"footnotes":""},"class_list":["post-8190","page","type-page","status-publish","has-post-thumbnail","hentry"],"_links":{"self":[{"href":"https:\/\/www.vanbreak.com\/es\/wp-json\/wp\/v2\/pages\/8190","targetHints":{"allow":["GET"]}}],"collection":[{"href":"https:\/\/www.vanbreak.com\/es\/wp-json\/wp\/v2\/pages"}],"about":[{"href":"https:\/\/www.vanbreak.com\/es\/wp-json\/wp\/v2\/types\/page"}],"author":[{"embeddable":true,"href":"https:\/\/www.vanbreak.com\/es\/wp-json\/wp\/v2\/users\/2"}],"replies":[{"embeddable":true,"href":"https:\/\/www.vanbreak.com\/es\/wp-json\/wp\/v2\/comments?post=8190"}],"version-history":[{"count":0,"href":"https:\/\/www.vanbreak.com\/es\/wp-json\/wp\/v2\/pages\/8190\/revisions"}],"wp:featuredmedia":[{"embeddable":true,"href":"https:\/\/www.vanbreak.com\/es\/wp-json\/wp\/v2\/media\/3187"}],"wp:attachment":[{"href":"https:\/\/www.vanbreak.com\/es\/wp-json\/wp\/v2\/media?parent=8190"}],"curies":[{"name":"wp","href":"https:\/\/api.w.org\/{rel}","templated":true}]}}