{"id":24513,"date":"2026-03-10T20:40:05","date_gmt":"2026-03-10T20:40:05","guid":{"rendered":"https:\/\/www.vanbreak.com\/?page_id=24513"},"modified":"2026-03-30T22:18:37","modified_gmt":"2026-03-30T22:18:37","slug":"equipamiento-y-accesorios","status":"publish","type":"page","link":"https:\/\/www.vanbreak.com\/es\/equipamiento-y-accesorios\/","title":{"rendered":"Equipamiento y accesorios"},"content":{"rendered":"<p>[vc_row bg_type=\u00bbcolor\u00bb padding_top_multiplier=\u00bb\u00bb padding_bottom_multiplier=\u00bb\u00bb columns_gap=\u00bbnone\u00bb bg_color=\u00bb#ebecf0&#8243;][vc_column]<div class=\"grve-empty-space grve-height-3x\" style=\"\"><\/div>[vc_column_text]<span style=\"color: #2ddbc8!important;\" data-darkreader-inline-color=\"\"><span style=\"color: #343e83;\"><a style=\"color: #343e83;\" href=\"http:\/\/www.vanbreak.com\/es\">Inicio<\/a><\/span> &gt;<span style=\"color: #343e83;\"><a style=\"color: #343e83;\" href=\"https:\/\/www.vanbreak.com\/location-van-amenage-espagne\/\"> Alquiler de furgonetas<\/a><\/span> &gt; Equipamiento<\/span>[\/vc_column_text]<div class=\"grve-empty-space grve-height-2x\" style=\"\"><\/div><h1 class=\"grve-element grve-title grve-align-center grve-h2 grve-increase-heading grve-heading-160\" style=\"\"><span>Equipamiento \/ Opcionales \/ Seguro<\/span><\/h1><div class=\"grve-empty-space grve-height-2x\" style=\"\"><\/div>[vc_column_text]Viajar en una furgoneta transformada te permite descubrir un destino con total libertad y sin renunciar a un alto nivel de confort. En VanBreak, nuestros veh\u00edculos est\u00e1n totalmente equipados para que puedas emprender tu viaje por carretera con total tranquilidad.<\/p>\n<p>Cada furgoneta cuenta con todo el equipamiento esencial para dormir, cocinar y disfrutar de la vida al aire libre: c\u00f3modos dormitorios, cocina totalmente equipada, nevera, almacenamiento, iluminaci\u00f3n y accesorios de camping. Dependiendo del modelo que elijas, tambi\u00e9n encontrar\u00e1s equipamiento adicional como ducha exterior, calefaccin estacionaria o paneles solares.<\/p>\n<p>Gracias a este completo equipamiento, nuestras furgonetas est\u00e1n perfectamente preparadas para viajar de forma independiente durante varios d\u00edas y explorar los paisajes de Andaluc\u00eda y el sur de Espa\u00f1a.[\/vc_column_text]<div class=\"grve-empty-space grve-height-2x\" style=\"\"><\/div>[\/vc_column][\/vc_row][vc_row bg_type=\u00bbcolor\u00bb columns_gap=\u00bb10&#8243; bg_color=\u00bb#ebecf0&#8243; section_id=\u00bbequipment\u00bb][vc_column]<h2 class=\"grve-element grve-title grve-align-center grve-h3 grve-increase-heading grve-heading-120\" style=\"\"><span><span style=\"color: #343e83;\">Servicios INCLUIDOS en el alquiler<\/span><br \/>\n<span style=\"color: #343e83;\"> para todas nuestras furgonetas y furgonetas transformadas<\/span><\/span><\/h2>[\/vc_column][\/vc_row][vc_row bg_type=\u00bbcolor\u00bb equal_column_height=\u00bbmiddle-content\u00bb bg_color=\u00bb#ebecf0&#8243; section_id=\u00bbcocina\u00bb][vc_column width=\u00bb1\/2&#8243;]<h3 class=\"grve-element grve-title grve-align-center grve-h3 grve-increase-heading grve-heading-120\" style=\"\"><span>Accesorios<\/span><\/h3>[vc_column_text]<\/p>\n<ul>\n<li><strong>Utensilios de cocina: <\/strong>cacerola, sart\u00e9n, cuchillos, tenedores, cucharas, platos, abrebotellas, minicafetera, cuchara de madera, tabla de cortar, vasos, cuencos, escurridor, Tupperware, pelador de verduras, tr\u00e9bede, tijeras, cuchillo de cocina, escurridor, ensaladera, pa\u00f1o de cocina<\/li>\n<li><strong> Kit de ropa de cama: <\/strong>s\u00e1banas bajeras, s\u00e1banas, almohadas, fundas de almohada<\/li>\n<li><strong>Botella de gas<\/strong><\/li>\n<li><strong>Barredora<\/strong><\/li>\n<li><strong>Cu\u00f1as estabilizadoras<\/strong><\/li>\n<li><strong>Botiqu\u00edn de primeros auxilios:<\/strong> chalecos reflectantes, tri\u00e1ngulo de advertencia<\/li>\n<li><strong>Botiqu\u00edn de primeros auxilios<\/strong><\/li>\n<li><strong>Alargador + adaptador autocaravana<\/strong><\/li>\n<li><strong>Cables de bater\u00eda <\/strong><\/li>\n<\/ul>\n<p>[\/vc_column_text][\/vc_column][vc_column vertical_content_position=\u00bbbottom\u00bb width=\u00bb1\/2&#8243; tablet_sm_width=\u00bbhide\u00bb mobile_width=\u00bbhide\u00bb]<div class=\"grve-element grve-image grve-align-center\" style=\"\">  <div class=\"grve-image-wrapper\"><img decoding=\"async\" width=\"768\" height=\"768\" src=\"https:\/\/www.vanbreak.com\/wp-content\/uploads\/2021\/01\/equipamientos-1-768x768.jpg\" class=\"attachment-medium_large size-medium_large\" alt=\"\" srcset=\"https:\/\/www.vanbreak.com\/wp-content\/uploads\/2021\/01\/equipamientos-1-768x768.jpg 768w, https:\/\/www.vanbreak.com\/wp-content\/uploads\/2021\/01\/equipamientos-1-300x300.jpg 300w, https:\/\/www.vanbreak.com\/wp-content\/uploads\/2021\/01\/equipamientos-1-1024x1024.jpg 1024w, https:\/\/www.vanbreak.com\/wp-content\/uploads\/2021\/01\/equipamientos-1-150x150.jpg 150w, https:\/\/www.vanbreak.com\/wp-content\/uploads\/2021\/01\/equipamientos-1-1536x1536.jpg 1536w, https:\/\/www.vanbreak.com\/wp-content\/uploads\/2021\/01\/equipamientos-1-560x560.jpg 560w, https:\/\/www.vanbreak.com\/wp-content\/uploads\/2021\/01\/equipamientos-1-900x900.jpg 900w, https:\/\/www.vanbreak.com\/wp-content\/uploads\/2021\/01\/equipamientos-1-1920x1920.jpg 1920w, https:\/\/www.vanbreak.com\/wp-content\/uploads\/2021\/01\/equipamientos-1-500x500.jpg 500w, https:\/\/www.vanbreak.com\/wp-content\/uploads\/2021\/01\/equipamientos-1-800x800.jpg 800w, https:\/\/www.vanbreak.com\/wp-content\/uploads\/2021\/01\/equipamientos-1-100x100.jpg 100w\" sizes=\"(max-width: 768px) 100vw, 768px\" \/>   <\/div><\/div>[\/vc_column][\/vc_row][vc_row bg_type=\u00bbcolor\u00bb columns_gap=\u00bb10&#8243; desktop_visibility=\u00bbhide\u00bb tablet_visibility=\u00bbhide\u00bb bg_color=\u00bb#ebecf0&#8243;][vc_column]<div class=\"grve-element grve-title grve-align-center grve-h3 grve-increase-heading grve-heading-120\" style=\"\"><span>Instalaciones<\/span><\/div>[vc_column_text]<\/p>\n<ul>\n<li><strong>Mesa de camping<\/strong> + <strong>2 asientos de<\/strong> camping plegables<\/li>\n<li><strong>Mesa interior<\/strong> (excepto Caddy)<\/li>\n<li><strong>Toldo<\/strong> (excepto Caddy)<\/li>\n<li><strong>Aire acondicionado<\/strong><\/li>\n<li><strong>Calefaccin estacionaria<\/strong><\/li>\n<li><strong>Tomas de 12 V<\/strong><\/li>\n<li><strong>Persianas oscurecedoras<\/strong> para el habit\u00e1culo y la cabina del conductor<\/li>\n<li>Cajones de <strong>almacenamiento<\/strong><\/li>\n<li><strong>Asientos delanteros giratorios <\/strong>(excepto Caddy), reposabrazos y apoyo lumbar<\/li>\n<li><strong>Lector electr\u00f3nico<\/strong> y minilector electr\u00f3nico<\/li>\n<\/ul>\n<p>[\/vc_column_text][\/vc_column][\/vc_row][vc_row bg_type=\u00bbcolor\u00bb equal_column_height=\u00bbmiddle-content\u00bb tablet_sm_visibility=\u00bbhide\u00bb mobile_visibility=\u00bbhide\u00bb bg_color=\u00bb#ebecf0&#8243;][vc_column width=\u00bb1\/2&#8243;]<div class=\"grve-element grve-image grve-align-center\" style=\"\">  <div class=\"grve-image-wrapper\"><img decoding=\"async\" width=\"768\" height=\"768\" src=\"https:\/\/www.vanbreak.com\/wp-content\/uploads\/2021\/01\/equipamientos-2-768x768.jpg\" class=\"attachment-medium_large size-medium_large\" alt=\"\" srcset=\"https:\/\/www.vanbreak.com\/wp-content\/uploads\/2021\/01\/equipamientos-2-768x768.jpg 768w, https:\/\/www.vanbreak.com\/wp-content\/uploads\/2021\/01\/equipamientos-2-300x300.jpg 300w, https:\/\/www.vanbreak.com\/wp-content\/uploads\/2021\/01\/equipamientos-2-1024x1024.jpg 1024w, https:\/\/www.vanbreak.com\/wp-content\/uploads\/2021\/01\/equipamientos-2-150x150.jpg 150w, https:\/\/www.vanbreak.com\/wp-content\/uploads\/2021\/01\/equipamientos-2-1536x1536.jpg 1536w, https:\/\/www.vanbreak.com\/wp-content\/uploads\/2021\/01\/equipamientos-2-560x560.jpg 560w, https:\/\/www.vanbreak.com\/wp-content\/uploads\/2021\/01\/equipamientos-2-900x900.jpg 900w, https:\/\/www.vanbreak.com\/wp-content\/uploads\/2021\/01\/equipamientos-2-1920x1920.jpg 1920w, https:\/\/www.vanbreak.com\/wp-content\/uploads\/2021\/01\/equipamientos-2-500x500.jpg 500w, https:\/\/www.vanbreak.com\/wp-content\/uploads\/2021\/01\/equipamientos-2-800x800.jpg 800w, https:\/\/www.vanbreak.com\/wp-content\/uploads\/2021\/01\/equipamientos-2-100x100.jpg 100w\" sizes=\"(max-width: 768px) 100vw, 768px\" \/>   <\/div><\/div>[\/vc_column][vc_column width=\u00bb1\/2&#8243;]<h3 class=\"grve-element grve-title grve-align-center grve-h3 grve-increase-heading grve-heading-120\" style=\"\"><span>Instalaciones<\/span><\/h3>[vc_column_text]<\/p>\n<ul>\n<li><strong>Mesa de camping<\/strong> + <strong>2 asientos de<\/strong> camping plegables<\/li>\n<li><strong>Mesa interior<\/strong> (excepto Caddy)<\/li>\n<li><strong>Toldo<\/strong> (excepto Caddy)<\/li>\n<li><strong>Aire acondicionado<\/strong><\/li>\n<li><strong>Calefaccin estacionaria<\/strong><\/li>\n<li><strong>Tomas de 12 V<\/strong><\/li>\n<li><strong>Persianas oscurecedoras<\/strong> para el habit\u00e1culo y la cabina del conductor<\/li>\n<li>Cajones de <strong>almacenamiento<\/strong>.<\/li>\n<li><strong>Asientos delanteros giratorios <\/strong>(excepto Caddy), reposabrazos y apoyo lumbar<\/li>\n<li><strong>Lector electr\u00f3nico<\/strong> y minilector electr\u00f3nico<\/li>\n<\/ul>\n<p>[\/vc_column_text][\/vc_column][\/vc_row][vc_row bg_type=\u00bbcolor\u00bb columns_gap=\u00bb10&#8243; bg_color=\u00bb#ebecf0&#8243;][vc_column]<div class=\"grve-empty-space grve-height-1x\" style=\"\"><\/div><div class=\"grve-element grve-align-center\"><a href=\"https:\/\/www.vanbreak.com\/es\/modeles-van-amenage\/\" title=\"Ver modelos de furgoneta transformada\" class=\"grve-btn grve-btn-medium grve-extra-round grve-bg-primary-3 grve-bg-hover-primary-6 buttonpad10\"><span>TODOS LOS MODELOS<\/span><\/a><\/div><div class=\"grve-empty-space grve-height-2x\" style=\"\"><\/div>[\/vc_column][\/vc_row][vc_row bg_type=\u00bbcolor\u00bb columns_gap=\u00bb10&#8243; bg_color=\u00bb#ebecf0&#8243; section_id=\u00bbopciones\u00bb][vc_column]<h2 class=\"grve-element grve-title grve-align-center grve-h3 grve-increase-heading grve-heading-120\" style=\"\"><span><span style=\"color: #323e84;\">Opciones de pago<\/span><\/span><\/h2><div class=\"grve-empty-space grve-height-1x\" style=\"\"><\/div>[vc_column_text]<\/p>\n<h2 data-section-id=\"1fa1tto\" data-start=\"1764\" data-end=\"1780\">&#x1f6e1;&#xfe0f; Seguros<\/h2>\n<ul data-start=\"1781\" data-end=\"2085\">\n<li data-section-id=\"1sinv0l\" data-start=\"1781\" data-end=\"1862\"><strong data-start=\"1783\" data-end=\"1802\">Seguro COMPLETE<\/strong> \u2014 Cobertura m\u00e1xima para viajar con tranquilidad \u2014 29\u20ac\/d\u00eda<\/li>\n<li data-section-id=\"f6lrqh\" data-start=\"1863\" data-end=\"1935\"><strong data-start=\"1865\" data-end=\"1883\">Seguro PREMIUM<\/strong> \u2014 Buena cobertura con precio optimizado \u2014 19\u20ac\/d\u00eda<\/li>\n<li data-section-id=\"1l91jiq\" data-start=\"1936\" data-end=\"2008\"><strong data-start=\"1938\" data-end=\"1958\">Seguro Marruecos<\/strong> \u2014 Obligatorio para viajar a Marruecos \u2014 49\u20ac\/d\u00eda<\/li>\n<li data-section-id=\"unh1xi\" data-start=\"2009\" data-end=\"2085\"><strong data-start=\"2011\" data-end=\"2036\">Seguro de cancelaci\u00f3n<\/strong> \u2014 Cancela o modifica hasta 48h antes \u2014 10\u20ac\/d\u00eda<\/li>\n<\/ul>\n<h2 data-section-id=\"10iu2qd\" data-start=\"2087\" data-end=\"2103\">&#x1f6cf;&#xfe0f; Confort<\/h2>\n<ul data-start=\"2104\" data-end=\"2382\">\n<li data-section-id=\"1vx495j\" data-start=\"2104\" data-end=\"2153\"><strong data-start=\"2106\" data-end=\"2125\">Edred\u00f3n 140&#215;200<\/strong> \u2014 Edred\u00f3n adicional \u2014 35\u20ac<\/li>\n<li data-section-id=\"xw4u6m\" data-start=\"2154\" data-end=\"2213\"><strong data-start=\"2156\" data-end=\"2174\">Saco de dormir<\/strong> \u2014 Perfecto para noches frescas \u2014 29\u20ac<\/li>\n<li data-section-id=\"soicd7\" data-start=\"2214\" data-end=\"2267\"><strong data-start=\"2216\" data-end=\"2234\">Kit de toallas<\/strong> \u2014 Toalla de playa + ba\u00f1o \u2014 18\u20ac<\/li>\n<li data-section-id=\"18skwa5\" data-start=\"2268\" data-end=\"2335\"><strong data-start=\"2270\" data-end=\"2298\">Cabina de ducha port\u00e1til<\/strong> \u2014 Ducha exterior pr\u00e1ctica \u2014 5\u20ac\/d\u00eda<\/li>\n<li data-section-id=\"spn4yi\" data-start=\"2336\" data-end=\"2382\"><strong data-start=\"2338\" data-end=\"2353\">WC port\u00e1til<\/strong> \u2014 Ba\u00f1o seco port\u00e1til \u2014 49\u20ac<\/li>\n<\/ul>\n<h2 data-section-id=\"e4dxta\" data-start=\"2384\" data-end=\"2405\">&#x1f3d5;&#xfe0f; Equipamiento<\/h2>\n<ul data-start=\"2406\" data-end=\"2681\">\n<li data-section-id=\"1lrd97r\" data-start=\"2406\" data-end=\"2457\"><strong data-start=\"2408\" data-end=\"2420\">Barbacoa<\/strong> \u2014 Para cocinar al aire libre \u2014 25\u20ac<\/li>\n<li data-section-id=\"4txzgb\" data-start=\"2458\" data-end=\"2511\"><strong data-start=\"2460\" data-end=\"2485\">Silla de camping (x1)<\/strong> \u2014 Silla adicional \u2014 12\u20ac<\/li>\n<li data-section-id=\"1usdwiz\" data-start=\"2512\" data-end=\"2564\"><strong data-start=\"2514\" data-end=\"2530\">Kit de luces<\/strong> \u2014 2 linternas + 1 frontal \u2014 15\u20ac<\/li>\n<li data-section-id=\"6gzy80\" data-start=\"2565\" data-end=\"2618\"><strong data-start=\"2567\" data-end=\"2580\">Sombrilla<\/strong> \u2014 Protecci\u00f3n solar para playa \u2014 10\u20ac<\/li>\n<li data-section-id=\"1nm3xmw\" data-start=\"2619\" data-end=\"2681\"><strong data-start=\"2621\" data-end=\"2647\">GPS Europa &amp; Marruecos<\/strong> \u2014 Navegaci\u00f3n sin conexi\u00f3n \u2014 30\u20ac<\/li>\n<\/ul>\n<h2 data-section-id=\"1hodcwi\" data-start=\"2683\" data-end=\"2713\">&#x1f690; Transporte y Log\u00edstica<\/h2>\n<ul data-start=\"2714\" data-end=\"2969\">\n<li data-section-id=\"e4xmqx\" data-start=\"2714\" data-end=\"2777\"><strong data-start=\"2716\" data-end=\"2742\">Taxi aeropuerto M\u00e1laga<\/strong> \u2014 Transfer para 4 personas \u2014 40\u20ac<\/li>\n<li data-section-id=\"oo11tv\" data-start=\"2778\" data-end=\"2837\"><strong data-start=\"2780\" data-end=\"2802\">Taxi centro M\u00e1laga<\/strong> \u2014 Estaci\u00f3n \/ centro ciudad \u2014 45\u20ac<\/li>\n<li data-section-id=\"saifmz\" data-start=\"2838\" data-end=\"2908\"><strong data-start=\"2840\" data-end=\"2868\">Recogida aut\u00f3noma 24h\/24<\/strong> \u2014 Check-in flexible sin agencia \u2014 49\u20ac<\/li>\n<li data-section-id=\"etlc5p\" data-start=\"2909\" data-end=\"2969\"><strong data-start=\"2911\" data-end=\"2929\">Salida domingo<\/strong> \u2014 Opci\u00f3n de recogida en domingo \u2014 90\u20ac<\/li>\n<\/ul>\n<h2 data-section-id=\"14wpdqm\" data-start=\"2971\" data-end=\"2997\">&#x23f1;&#xfe0f; Horarios flexibles<\/h2>\n<ul data-start=\"2998\" data-end=\"3153\">\n<li data-section-id=\"kf8cce\" data-start=\"2998\" data-end=\"3049\"><strong data-start=\"3000\" data-end=\"3024\">Devoluci\u00f3n a las 15h<\/strong> \u2014 Late check-out \u2014 35\u20ac<\/li>\n<li data-section-id=\"u9bmi7\" data-start=\"3050\" data-end=\"3103\"><strong data-start=\"3052\" data-end=\"3076\">Devoluci\u00f3n a las 18h<\/strong> \u2014 M\u00e1s flexibilidad \u2014 49\u20ac<\/li>\n<li data-section-id=\"ozrfov\" data-start=\"3104\" data-end=\"3153\"><strong data-start=\"3106\" data-end=\"3130\">Devoluci\u00f3n a las 20h<\/strong> \u2014 D\u00eda completo \u2014 74\u20ac<\/li>\n<\/ul>\n<h2 data-section-id=\"izk8o5\" data-start=\"3155\" data-end=\"3181\">&#x1f476; Familia y mascotas<\/h2>\n<ul data-start=\"3182\" data-end=\"3355\">\n<li data-section-id=\"hy91ra\" data-start=\"3182\" data-end=\"3224\"><strong data-start=\"3184\" data-end=\"3209\">Silla infantil 0\u201313kg<\/strong> \u2014 Beb\u00e9 \u2014 34\u20ac<\/li>\n<li data-section-id=\"8zrvsh\" data-start=\"3225\" data-end=\"3267\"><strong data-start=\"3227\" data-end=\"3252\">Silla infantil 9\u201318kg<\/strong> \u2014 Ni\u00f1o \u2014 34\u20ac<\/li>\n<li data-section-id=\"1cyvd3y\" data-start=\"3268\" data-end=\"3315\"><strong data-start=\"3270\" data-end=\"3296\">Silla infantil 15\u201336kg<\/strong> \u2014 Elevador \u2014 20\u20ac<\/li>\n<li data-section-id=\"7gytvu\" data-start=\"3316\" data-end=\"3355\"><strong data-start=\"3318\" data-end=\"3327\">Perro<\/strong> \u2014 Viaje con mascota \u2014 89\u20ac<\/li>\n<\/ul>\n<h2 data-section-id=\"1vkob2z\" data-start=\"3357\" data-end=\"3376\">&#x1f6b4; Actividades<\/h2>\n<ul data-start=\"3377\" data-end=\"3502\">\n<li data-section-id=\"f4sjhi\" data-start=\"3377\" data-end=\"3443\"><strong data-start=\"3379\" data-end=\"3403\">Portabicicletas (x4)<\/strong> \u2014 Transporte hasta 4 bicicletas \u2014 39\u20ac<\/li>\n<li data-section-id=\"xravz1\" data-start=\"3444\" data-end=\"3502\"><strong data-start=\"3446\" data-end=\"3462\">Kit kitesurf<\/strong> \u2014 Cubeta + material de limpieza \u2014 15\u20ac<\/li>\n<\/ul>\n<p>[\/vc_column_text][\/vc_column][\/vc_row][vc_row bg_type=\u00bbcolor\u00bb columns_gap=\u00bb10&#8243; bg_color=\u00bb#ebecf0&#8243; section_id=\u00bbinsurance\u00bb][vc_column]<h2 class=\"grve-element grve-title grve-align-center grve-h3 grve-increase-heading grve-heading-120\" style=\"\"><span><span style=\"color: #323e84;\">Planes de seguro<\/span><\/span><\/h2>[vc_raw_html]W3ZjX2NvbHVtbl90ZXh0XQo8c3R5bGU+LmFzc3VyYW5jZS10YWJsZS13cmFwcGVyewpvdmVyZmxvdy14OmF1dG87Cm1hcmdpbjo0MHB4IDA7Cn0KCi5hc3N1cmFuY2UtdGFibGV7CmJvcmRlci1jb2xsYXBzZTpjb2xsYXBzZTsKd2lkdGg6MTAwJTsKZm9udC1mYW1pbHk6QXJpYWwsc2Fucy1zZXJpZjsKZm9udC1zaXplOjE1cHg7Cn0KCi5hc3N1cmFuY2UtdGFibGUgdGhlYWR7CmJhY2tncm91bmQ6IzJkYjZhMzsKY29sb3I6d2hpdGU7Cn0KCi5hc3N1cmFuY2UtdGFibGUgdGh7CnBhZGRpbmc6MTRweDsKdGV4dC1hbGlnbjpjZW50ZXI7CmZvbnQtd2VpZ2h0OjYwMDsKfQoKLmFzc3VyYW5jZS10YWJsZSB0ZHsKcGFkZGluZzoxMnB4Owp0ZXh0LWFsaWduOmNlbnRlcjsKYm9yZGVyLWJvdHRvbToxcHggc29saWQgI2VhZWFlYTsKfQoKLmFzc3VyYW5jZS10YWJsZSB0cjpudGgtY2hpbGQoZXZlbil7CmJhY2tncm91bmQ6I2Y3ZjlmYjsKfQoKLmFzc3VyYW5jZS10YWJsZSB0cjpob3ZlcnsKYmFja2dyb3VuZDojZWVmN2Y2Owp9CgouYXNzdXJhbmNlLWZlYXR1cmV7CnRleHQtYWxpZ246bGVmdDsKZm9udC13ZWlnaHQ6NjAwOwpjb2xvcjojMzMzOwp9CgouY2hlY2t7CmNvbG9yOiMyZWNjNzE7CmZvbnQtd2VpZ2h0OjcwMDsKZm9udC1zaXplOjE4cHg7Cn0KCi5jcm9zc3sKY29sb3I6I2U3NGMzYzsKZm9udC13ZWlnaHQ6NzAwOwpmb250LXNpemU6MThweDsKfQoKLnByaWNlewpmb250LXdlaWdodDo3MDA7CmZvbnQtc2l6ZToxOHB4Owp9CgpAbWVkaWEgKG1heC13aWR0aDo3NjhweCl7Ci5hc3N1cmFuY2UtdGFibGUgdGgsCi5hc3N1cmFuY2UtdGFibGUgdGR7CmZvbnQtc2l6ZToxM3B4OwpwYWRkaW5nOjEwcHg7Cn0KfQoKPC9zdHlsZT4=[\/vc_raw_html][vc_raw_html]PGRpdiBjbGFzcz0iYXNzdXJhbmNlLXRhYmxlLXdyYXBwZXIiPgoKPHRhYmxlIGNsYXNzPSJhc3N1cmFuY2UtdGFibGUiPgoKPHRoZWFkPgo8dHI+Cjx0aD5PcGNpb25lcyBkZSBzZWd1cm88L3RoPgo8dGg+QsOBU0lDTzwvdGg+Cjx0aD5QUklNQTwvdGg+Cjx0aD5DT01QTEVUTzwvdGg+CjwvdHI+CjwvdGhlYWQ+Cgo8dGJvZHk+Cgo8dHI+Cjx0ZCBjbGFzcz0iYXNzdXJhbmNlLWZlYXR1cmUiPlByZWNpbyBwb3IgZMOtYTwvdGQ+Cjx0ZCBjbGFzcz0icHJpY2UiPjDigqw8L3RkPgo8dGQgY2xhc3M9InByaWNlIj4xOeKCrDwvdGQ+Cjx0ZCBjbGFzcz0icHJpY2UiPjI54oKsPC90ZD4KPC90cj4KCjx0cj4KPHRkIGNsYXNzPSJhc3N1cmFuY2UtZmVhdHVyZSI+Q29uZHVjdG9yZXMgYXV0b3JpemFkb3M8L3RkPgo8dGQ+MjwvdGQ+Cjx0ZD4zPC90ZD4KPHRkPjQ8L3RkPgo8L3RyPgoKPHRyPgo8dGQgY2xhc3M9ImFzc3VyYW5jZS1mZWF0dXJlIj5EZWR1Y2libGU8L3RkPgo8dGQ+MTUwMOKCrDwvdGQ+Cjx0ZD43NTDigqw8L3RkPgo8dGQ+NDUw4oKsPC90ZD4KPC90cj4KCjx0cj4KPHRkIGNsYXNzPSJhc3N1cmFuY2UtZmVhdHVyZSI+U2VndXJvIGRlIHBhc2FqZXJvczwvdGQ+Cjx0ZCBjbGFzcz0iY2hlY2siPuKclDwvdGQ+Cjx0ZCBjbGFzcz0iY2hlY2siPuKclDwvdGQ+Cjx0ZCBjbGFzcz0iY2hlY2siPuKclDwvdGQ+CjwvdHI+Cgo8dHI+Cjx0ZCBjbGFzcz0iYXNzdXJhbmNlLWZlYXR1cmUiPkFjY2lkZW50ZSAvIFJvYm8gLyBJbmNlbmRpbzwvdGQ+Cjx0ZCBjbGFzcz0iY2hlY2siPuKclDwvdGQ+Cjx0ZCBjbGFzcz0iY2hlY2siPuKclDwvdGQ+Cjx0ZCBjbGFzcz0iY2hlY2siPuKclDwvdGQ+CjwvdHI+Cgo8dHI+Cjx0ZCBjbGFzcz0iYXNzdXJhbmNlLWZlYXR1cmUiPktpbG9tZXRyYWplIGlsaW1pdGFkbzwvdGQ+Cjx0ZCBjbGFzcz0iY2hlY2siPuKclDwvdGQ+Cjx0ZCBjbGFzcz0iY2hlY2siPuKclDwvdGQ+Cjx0ZCBjbGFzcz0iY2hlY2siPuKclDwvdGQ+CjwvdHI+Cgo8dHI+Cjx0ZCBjbGFzcz0iYXNzdXJhbmNlLWZlYXR1cmUiPkFzaXN0ZW5jaWEgMjQvNzwvdGQ+Cjx0ZCBjbGFzcz0iY2hlY2siPuKclDwvdGQ+Cjx0ZCBjbGFzcz0iY2hlY2siPuKclDwvdGQ+Cjx0ZCBjbGFzcz0iY2hlY2siPuKclDwvdGQ+CjwvdHI+Cgo8dHI+Cjx0ZCBjbGFzcz0iYXNzdXJhbmNlLWZlYXR1cmUiPlZpYWphciBhIFBvcnR1Z2FsPC90ZD4KPHRkIGNsYXNzPSJjcm9zcyI+4pyWPC90ZD4KPHRkIGNsYXNzPSJjaGVjayI+4pyUPC90ZD4KPHRkIGNsYXNzPSJjaGVjayI+4pyUPC90ZD4KPC90cj4KCjx0cj4KPHRkIGNsYXNzPSJhc3N1cmFuY2UtZmVhdHVyZSI+Um90dXJhIGRlbCBoaWVsbzwvdGQ+Cjx0ZCBjbGFzcz0iY3Jvc3MiPuKcljwvdGQ+Cjx0ZCBjbGFzcz0iY2hlY2siPuKclDwvdGQ+Cjx0ZCBjbGFzcz0iY2hlY2siPuKclDwvdGQ+CjwvdHI+Cgo8dHI+Cjx0ZCBjbGFzcz0iYXNzdXJhbmNlLWZlYXR1cmUiPlB1bmNpw7NuIG5ldW3DoXRpY2E8L3RkPgo8dGQgY2xhc3M9ImNyb3NzIj7inJY8L3RkPgo8dGQgY2xhc3M9ImNoZWNrIj7inJQ8L3RkPgo8dGQgY2xhc3M9ImNoZWNrIj7inJQ8L3RkPgo8L3RyPgoKPHRyPgo8dGQgY2xhc3M9ImFzc3VyYW5jZS1mZWF0dXJlIj5BcmHDsWF6b3MgKHBhcmFjaG9xdWVzIC8gZXNwZWpvIHJldHJvdmlzb3IpLjwvdGQ+Cjx0ZCBjbGFzcz0iY3Jvc3MiPuKcljwvdGQ+Cjx0ZCBjbGFzcz0iY2hlY2siPuKclDwvdGQ+Cjx0ZCBjbGFzcz0iY2hlY2siPuKclDwvdGQ+CjwvdHI+Cgo8dHI+Cjx0ZCBjbGFzcz0iYXNzdXJhbmNlLWZlYXR1cmUiPkVtcGFudGFuYWRvIC8gRW1ib3VyYsOpPC90ZD4KPHRkIGNsYXNzPSJjcm9zcyI+4pyWPC90ZD4KPHRkIGNsYXNzPSJjcm9zcyI+4pyWPC90ZD4KPHRkIGNsYXNzPSJjaGVjayI+4pyUPC90ZD4KPC90cj4KCjx0cj4KPHRkIGNsYXNzPSJhc3N1cmFuY2UtZmVhdHVyZSI+Qm9tYmEgZGUgYWd1YTwvdGQ+Cjx0ZCBjbGFzcz0iY3Jvc3MiPuKcljwvdGQ+Cjx0ZCBjbGFzcz0iY3Jvc3MiPuKcljwvdGQ+Cjx0ZCBjbGFzcz0iY2hlY2siPuKclDwvdGQ+CjwvdHI+Cgo8L3Rib2R5PgoKPC90YWJsZT4KCjwvZGl2PgoKWy92Y19jb2x1bW5fdGV4dF0KCg==[\/vc_raw_html][\/vc_column][\/vc_row]<\/p>\n","protected":false},"excerpt":{"rendered":"<p>Descubra el equipamiento completo de nuestras furgonetas transformadas: cocina, dormitorio, ducha, accesorios y todo lo necesario para un c\u00f3modo viaje por carretera.<\/p>\n","protected":false},"author":2,"featured_media":10632,"parent":0,"menu_order":0,"comment_status":"closed","ping_status":"closed","template":"","meta":{"footnotes":""},"class_list":["post-24513","page","type-page","status-publish","has-post-thumbnail","hentry"],"_links":{"self":[{"href":"https:\/\/www.vanbreak.com\/es\/wp-json\/wp\/v2\/pages\/24513","targetHints":{"allow":["GET"]}}],"collection":[{"href":"https:\/\/www.vanbreak.com\/es\/wp-json\/wp\/v2\/pages"}],"about":[{"href":"https:\/\/www.vanbreak.com\/es\/wp-json\/wp\/v2\/types\/page"}],"author":[{"embeddable":true,"href":"https:\/\/www.vanbreak.com\/es\/wp-json\/wp\/v2\/users\/2"}],"replies":[{"embeddable":true,"href":"https:\/\/www.vanbreak.com\/es\/wp-json\/wp\/v2\/comments?post=24513"}],"version-history":[{"count":0,"href":"https:\/\/www.vanbreak.com\/es\/wp-json\/wp\/v2\/pages\/24513\/revisions"}],"wp:featuredmedia":[{"embeddable":true,"href":"https:\/\/www.vanbreak.com\/es\/wp-json\/wp\/v2\/media\/10632"}],"wp:attachment":[{"href":"https:\/\/www.vanbreak.com\/es\/wp-json\/wp\/v2\/media?parent=24513"}],"curies":[{"name":"wp","href":"https:\/\/api.w.org\/{rel}","templated":true}]}}