{"id":2274,"date":"2017-03-29T11:27:58","date_gmt":"2017-03-29T11:27:58","guid":{"rendered":"http:\/\/www.vanbreak.com\/vanbreak-edition-reservation\/"},"modified":"2017-04-23T12:29:58","modified_gmt":"2017-04-23T12:29:58","slug":"vanbreak-edition-reservation","status":"publish","type":"page","link":"https:\/\/www.vanbreak.com\/es\/vanbreak-edition-reservation\/","title":{"rendered":"\u00c9dition de la r\u00e9servation"},"content":{"rendered":"<p>[vc_row bg_type=\u00bbcolor\u00bb bg_color=\u00bb#ebecf0&#8243;][vc_column][vc_column_text el_class=\u00bbfrmpstep\u00bb]No ha marcado ning\u00fan par\u00e1metro para la edici\u00f3n de la reserva <br\/><em>Por favor, revise la configuraci\u00f3n en <a href=\"https:\/\/wpbookingcalendar.com\/faq\/configure-editing-cancel-payment-bookings-for-visitors\/\" target=\"_blank\" rel=\"noopener\">esta p\u00e1gina<\/a>.<\/em>[\/vc_column_text][\/vc_column][\/vc_row]<\/p>\n","protected":false},"excerpt":{"rendered":"<p>[vc_row bg_type=\u00bbcolor\u00bb bg_color=\u00bb#ebecf0&#8243;][vc_column][vc_column_text el_class=\u00bbfrmpstep\u00bb][\/vc_column_text][\/vc_column][\/vc_row]<\/p>\n","protected":false},"author":1,"featured_media":0,"parent":0,"menu_order":0,"comment_status":"closed","ping_status":"closed","template":"","meta":{"footnotes":""},"class_list":["post-2274","page","type-page","status-publish","hentry"],"_links":{"self":[{"href":"https:\/\/www.vanbreak.com\/es\/wp-json\/wp\/v2\/pages\/2274","targetHints":{"allow":["GET"]}}],"collection":[{"href":"https:\/\/www.vanbreak.com\/es\/wp-json\/wp\/v2\/pages"}],"about":[{"href":"https:\/\/www.vanbreak.com\/es\/wp-json\/wp\/v2\/types\/page"}],"author":[{"embeddable":true,"href":"https:\/\/www.vanbreak.com\/es\/wp-json\/wp\/v2\/users\/1"}],"replies":[{"embeddable":true,"href":"https:\/\/www.vanbreak.com\/es\/wp-json\/wp\/v2\/comments?post=2274"}],"version-history":[{"count":0,"href":"https:\/\/www.vanbreak.com\/es\/wp-json\/wp\/v2\/pages\/2274\/revisions"}],"wp:attachment":[{"href":"https:\/\/www.vanbreak.com\/es\/wp-json\/wp\/v2\/media?parent=2274"}],"curies":[{"name":"wp","href":"https:\/\/api.w.org\/{rel}","templated":true}]}}