{"id":4558,"date":"2018-10-13T11:46:06","date_gmt":"2018-10-13T11:46:06","guid":{"rendered":"https:\/\/www.vanbreak.com\/search\/"},"modified":"2026-03-17T18:54:29","modified_gmt":"2026-03-17T18:54:29","slug":"search","status":"publish","type":"page","link":"https:\/\/www.vanbreak.com\/de\/search\/","title":{"rendered":"Reservierung"},"content":{"rendered":"<p>[vc_row bg_type=&#8220;color&#8220; padding_top_multiplier=&#8220;&#8220; bg_color=&#8220;#ebecf0&#8243;][vc_column]<div class=\"grve-empty-space grve-height-3x\" style=\"\"><\/div>[vc_column_text]<span style=\"color: #2ddbc8!important;\" data-darkreader-inline-color=\"\"><span style=\"color: #343e83;\"><a style=\"color: #343e83;\" href=\"https:\/\/vanbreak.com\" target=\"_blank\" rel=\"noopener\">Startseite<\/a> &gt; <span style=\"color: #2ddcc8;\">W\u00e4hlen Sie Ihre Daten<\/span><\/span><\/span>[\/vc_column_text]<div class=\"grve-empty-space grve-height-1x\" style=\"\"><\/div><h1 class=\"grve-element grve-title grve-align-center grve-h2 grve-increase-heading grve-heading-180\" style=\"\"><span>Buchen Sie Ihren eingerichteten Van<br \/>\nin Malaga<\/span><\/h1><div class=\"grve-empty-space grve-height-1x\" style=\"\"><\/div><h3 class=\"grve-element grve-title grve-align-center grve-h3\" style=\"\"><span>Preise und Verf\u00fcgbarkeit<\/span><\/h3>[vc_column_text]<\/p>\n<p style=\"text-align: center;\"><strong>#Mindestmiettage<\/strong>:<br \/>\n3 Tage <strong> Mindestmietdauer<\/strong> au\u00dferhalb der Saison<br \/>\n4-5 Tage je nach Saison<\/p>\n<p>[\/vc_column_text]<div class=\"grve-empty-space grve-height-1x\" style=\"\"><\/div>[\/vc_column][\/vc_row][vc_row bg_type=&#8220;color&#8220; padding_top_multiplier=&#8220;&#8220; bg_color=&#8220;#ebecf0&#8243;][vc_column][vc_row_inner][vc_column_inner]<div class=\"grve-empty-space grve-height-1x\" style=\"\"><\/div>[vc_column_text]<style type=\"text\/css\">\n    #datepick-div .datepick-header {\n           width: 172px !important;\n    }\n    #datepick-div {\n        -border-radius: 3px;\n        -box-shadow: 0 0 2px #888888;\n        -webkit-border-radius: 3px;\n        -webkit-box-shadow: 0 0 2px #888888;\n        -moz-border-radius: 3px;\n        -moz-box-shadow: 0 0 2px #888888;\n        width: 172px !important;\n        z-index: 2147483647;\n    }\n    #datepick-div .datepick .datepick-days-cell a{\n        font-size: 12px;\n    }\n    #datepick-div table.datepick tr td {\n        border-top: 0 none !important;\n        line-height: 24px;\n        padding: 0 !important;\n        width: 24px;\n    }\n    #datepick-div .datepick-control {\n        font-size: 10px;\n        text-align: center;\n    }\n\n<\/style>\n<script type=\"text\/javascript\" >\nvar search_emty_days_warning = 'Bitte Anreise- und Abreise-Tage w\u00e4hlen!';\n\/\/FixIn: 8.6.1.21\nwpbc_search_form_dates_format = 'dd\/mm\/yy';\n\njQuery(document).ready( function(){\n\n    jQuery('#booking_search_check_in').datepick(\n        {   onSelect: wpbc_search_check_in_selected,\t\t\t\t\t\t\t\t\t\t\t\t\t\t\t\t\t\/* FixIn: 8.6.1.21 \t\tselectCheckInDay, *\/\n            beforeShowDay: wpbc_search_apply_css_before_show_check_in,\t\t\t\t\t\t\t\t\t\t\t\t\t\/* FixIn: 8.6.1.21 \t\tapplyCSStoDays4CheckInOut, *\/\n            showOn: 'focus',\n            multiSelect: 0,\n            numberOfMonths: 1,\n            stepMonths: 1,\n            prevText: '&laquo;',\n            nextText: '&raquo;',\n            dateFormat: 'dd\/mm\/yy',\t\t\t\t\t\t\t\/* FixIn: 8.6.1.21 \t'dd\/mm\/yy' *\/\n            changeMonth: false,\n            changeYear: false,\n            minDate: 0, maxDate: booking_max_monthes_in_calendar, \/\/'1Y',\n\t\t\t\/\/ minDate: new Date(2020, 2, 1), maxDate: new Date(2020, 9, 31),             \/\/ Ability to set any  start and end date in calendar\n            showStatus: false,\n            multiSeparator: ', ',\n            closeAtTop: false,\n            firstDay:1,\n            gotoCurrent: false,\n            hideIfNoPrevNext:true,\n            useThemeRoller :false,\n            mandatory: true\/**\/,\n            _mainDivId:  ['datepick-div', 'ui-datepicker-div','widget_wpdev_booking']\n                    }\n    );\n    jQuery('#booking_search_check_out').datepick(\n        {   beforeShowDay: wpbc_search_apply_css_before_show_check_out, \t\t\t\t\t\t\t\t\t\t\t\t\t\t\t\t\/* FixIn: 8.6.1.21 \tsetDaysForCheckOut,\t*\/\n            showOn: 'focus',\n            multiSelect: 0,\n            numberOfMonths: 1,\n            stepMonths: 1,\n            prevText: '&laquo;',\n            nextText: '&raquo;',\n            dateFormat: 'dd\/mm\/yy',\t\t\t\t\t\t\t\/* FixIn: 8.6.1.21 \t'dd\/mm\/yy'\t*\/\n            changeMonth: false,\n            changeYear: false,\n            minDate: 0, maxDate: booking_max_monthes_in_calendar, \/\/'1Y',\n\t\t\t\/\/ minDate: new Date(2020, 2, 1), maxDate: new Date(2020, 9, 31),             \/\/ Ability to set any  start and end date in calendar\n            showStatus: false,\n            multiSeparator: ', ',\n            closeAtTop: false,\n            firstDay:1,\n            gotoCurrent: false,\n            hideIfNoPrevNext:true,\n            useThemeRoller :false,\n            mandatory: true\n                    }\n    );\n});\n<\/script>\n            <div  id=\"booking_search_form\" class=\"booking_form_div0 booking_search_form\">\n                    <form name=\"booking_search_form\" autocomplete=\"off\" action=\"https:\/\/www.vanbreak.com\/de\/search-reservation\/\" method=\"get\"><div class=\"row\">\r\n  <div class=\"column\">\r\n    <select style=\"width:97%;\" name=\"agency\">\r\n \u00a0 \u00a0 \u00a0<option value=\"malaga\">M\u00e1laga<\/option>\r\n    <\/select>\r\n  <\/div>\r\n  <div class=\"column\">\r\n    <input type=\"text\" size=\"10\" value=\"\" name=\"check_in\" id=\"booking_search_check_in\" placeholder=\"24\/04\/2026\">\r\n  <\/div>\r\n  <div class=\"column\">\r\n    <input type=\"text\" size=\"10\" value=\"\"  name=\"check_out\"  id=\"booking_search_check_out\" placeholder=\"25\/04\/2026\">\r\n  <\/div>\r\n  <div class=\"column\">\r\n    <input type=\"submit\" onclick=\"javascript:return wpbc_search_form_click_new_page( this );\" \" value=\"Suche\" class=\"search_booking btn\"> \r\n  <\/div>\r\n\t\r\n<\/div><input type=\"hidden\" value=\"Pas de r\u00e9sultat\"   name=\"bk_no_results_title\"  id=\"bk_no_results_title\"><input type=\"hidden\"  value=\"#{searchresults} R\u00e9sultat(s)\"   name=\"bk_search_results_title\"  id=\"bk_search_results_title\"><div style=\"clear:both;\"><\/div>\n                    <\/form>\n                <\/div>[\/vc_column_text][\/vc_column_inner][\/vc_row_inner]<div class=\"grve-empty-space grve-height-1x\" style=\"\"><\/div>[vc_column_text][vc_column_text]<\/p>\n<p>Sehen Sie sich die <strong>Preise und Verf\u00fcgbarkeiten f\u00fcr Ihren<\/strong> Camper <strong>mieten Malaga<\/strong> an und w\u00e4hlen Sie den perfekten Campervan f\u00fcr Ihre Reise. Unsere umgebauten Vans sind perfekt ausgestattet, um einen <strong>Roadtrip mit Camper in Andalusien<\/strong> zu unternehmen und die sch\u00f6nsten Landschaften S\u00fcdspaniens zu entdecken.<\/p>\n<p>Ob Sie einen <strong>preisg\u00fcnstigen Van<\/strong>, einen <strong>Familien-Campervan<\/strong> oder einen <strong>ger\u00e4umigeren umgebauten Kasten<\/strong>wagen suchen, Sie werden das richtige Fahrzeug f\u00fcr Ihr Abenteuer finden. Wenn Sie Ihren Camper <strong>mieten Malaga<\/strong> buchen, k\u00f6nnen Sie v\u00f6llig frei reisen und das Vanlife-Erlebnis in vollen Z\u00fcgen genie\u00dfen.<\/p>\n<p>[\/vc_column_text][\/vc_column][\/vc_row]<\/p>\n","protected":false},"excerpt":{"rendered":"<p>Sehen Sie sich die Preise und Verf\u00fcgbarkeiten f\u00fcr Ihren Camper mieten Malaga an und buchen Sie Ihren Campervan f\u00fcr einen Roadtrip mit Camper in Andalusien.<\/p>\n","protected":false},"author":1,"featured_media":11102,"parent":0,"menu_order":0,"comment_status":"closed","ping_status":"closed","template":"","meta":{"footnotes":""},"class_list":["post-4558","page","type-page","status-publish","has-post-thumbnail","hentry"],"_links":{"self":[{"href":"https:\/\/www.vanbreak.com\/de\/wp-json\/wp\/v2\/pages\/4558","targetHints":{"allow":["GET"]}}],"collection":[{"href":"https:\/\/www.vanbreak.com\/de\/wp-json\/wp\/v2\/pages"}],"about":[{"href":"https:\/\/www.vanbreak.com\/de\/wp-json\/wp\/v2\/types\/page"}],"author":[{"embeddable":true,"href":"https:\/\/www.vanbreak.com\/de\/wp-json\/wp\/v2\/users\/1"}],"replies":[{"embeddable":true,"href":"https:\/\/www.vanbreak.com\/de\/wp-json\/wp\/v2\/comments?post=4558"}],"version-history":[{"count":0,"href":"https:\/\/www.vanbreak.com\/de\/wp-json\/wp\/v2\/pages\/4558\/revisions"}],"wp:featuredmedia":[{"embeddable":true,"href":"https:\/\/www.vanbreak.com\/de\/wp-json\/wp\/v2\/media\/11102"}],"wp:attachment":[{"href":"https:\/\/www.vanbreak.com\/de\/wp-json\/wp\/v2\/media?parent=4558"}],"curies":[{"name":"wp","href":"https:\/\/api.w.org\/{rel}","templated":true}]}}