{"id":24566,"date":"2026-03-10T20:23:52","date_gmt":"2026-03-10T20:23:52","guid":{"rendered":"https:\/\/www.vanbreak.com\/vw-t1-vintage-kombi-mieten-in-malaga\/"},"modified":"2026-03-10T20:24:16","modified_gmt":"2026-03-10T20:24:16","slug":"vw-t1-vintage-kombi-mieten-in-malaga","status":"publish","type":"page","link":"https:\/\/www.vanbreak.com\/de\/vw-t1-vintage-kombi-mieten-in-malaga\/","title":{"rendered":"VW T1 Vintage Kombi mieten in Malaga"},"content":{"rendered":"<p>[vc_row bg_type=&#8220;color&#8220; bg_color=&#8220;#ebecf0&#8243;][vc_column]<div class=\"grve-empty-space grve-height-1x\" style=\"\"><\/div>[vc_column_text]<span style=\"color: #343e83;\"><a style=\"color: #343e83;\" href=\"http:\/\/www.vanbreak.com\/de\/\">Startseite<\/a> &gt;<a style=\"color: #343e83;\" href=\"https:\/\/www.vanbreak.com\/location-van-amenage-espagne\/\"> Vermietung von eingerichteten Vans<\/a> &gt;<\/span> <span style=\"color: #2ddcc8;\">VW-Van California T1 f\u00fcr Veranstaltungen<\/span>[\/vc_column_text][\/vc_column][\/vc_row][vc_row bg_type=&#8220;color&#8220; bg_color=&#8220;#ebecf0&#8243;][vc_column]<h1 class=\"grve-element grve-title grve-align-center grve-h2 grve-increase-heading grve-heading-140\" style=\"\"><span><br>\n<p style=\"text-align: center;\">Oldtimer mieten:<br \/>\nVW T1 Kombi Minibus Split<br>\n<\/span><\/h1><div class=\"grve-empty-space grve-height-1x\" style=\"\"><\/div><h2 class=\"grve-element grve-title grve-align-center grve-h3\" style=\"\"><span><br>\n<p style=\"text-align: center;\"><span lang=\"es\" style=\"color: #343e83;\">VW T1 Kombi mieten f\u00fcr Hochzeiten und Veranstaltungen<\/span><br>\n<\/span><\/h2><div class=\"grve-empty-space grve-height-1x\" style=\"\"><\/div>[vc_column_text]Sie planen den sch\u00f6nsten Tag Ihres Lebens oder m\u00f6chten eine originelle Veranstaltung organisieren: Geburtstag, Taufen, Seminare, Firmenevents, private Feiern&#8230; und Sie sind auf der Suche nach einem Oldtimer oder einem Originalfahrzeug? Dann suchen Sie nicht weiter. Der <strong>VW T1 Minibus Split Kombi<\/strong> ist der ber\u00fchmteste und klassischste Lieferwagen aus allen Jahrhunderten. Als Symbol der Hippie-Philosophie und der 60er und 70er Jahre verleiht der <strong>cCombi VW T1 Minibus<\/strong> Ihrer <strong>Hochzeit<\/strong> und <b>Veranstaltung<\/b> einen echten Vintage- und Boh\u00e8me-Touch. \u00dcberraschen Sie Ihre G\u00e4ste und machen Sie unvergessliche Hochzeitsfotos mit diesem wunderbaren Retro-Van.[\/vc_column_text]<div class=\"grve-empty-space grve-height-2x\" style=\"\"><\/div><div class=\"grve-element grve-flexible-carousel grve-carousel grve-layout-1 grve-with-gap\" style=\"\"><div class=\"grve-carousel-wrapper\"><div class=\"grve-carousel-navigation grve-dark grve-navigation-1 grve-navigation-carousel\">\t<div class=\"grve-carousel-buttons\">\t\t<div class=\"grve-carousel-prev\">\t\t\t<i class=\"grve-icon-nav-left-small\"><\/i>\t\t<\/div>\t\t<div class=\"grve-carousel-next\">\t\t\t<i class=\"grve-icon-nav-right-small\"><\/i>\t\t<\/div>\t<\/div><\/div>\t<div class=\"grve-flexible-carousel-element \" data-items=\"3\" data-items-tablet-landscape=\"2\" data-items-tablet-portrait=\"2\" data-items-mobile=\"1\" data-slider-autoplay=\"no\" data-slider-speed=\"3000\" data-slider-pause=\"no\" data-pagination-speed=\"400\" data-pagination=\"no\" data-slider-autoheight=\"no\"><div class=\"grve-element grve-image grve-align-center\" style=\"\">  <div class=\"grve-image-wrapper\"><img decoding=\"async\" width=\"1536\" height=\"2048\" src=\"https:\/\/www.vanbreak.com\/wp-content\/uploads\/2023\/02\/IMG_1930-scaled.jpg\" class=\"attachment-full size-full\" alt=\"\" srcset=\"https:\/\/www.vanbreak.com\/wp-content\/uploads\/2023\/02\/IMG_1930-scaled.jpg 1536w, https:\/\/www.vanbreak.com\/wp-content\/uploads\/2023\/02\/IMG_1930-225x300.jpg 225w, https:\/\/www.vanbreak.com\/wp-content\/uploads\/2023\/02\/IMG_1930-768x1024.jpg 768w, https:\/\/www.vanbreak.com\/wp-content\/uploads\/2023\/02\/IMG_1930-1152x1536.jpg 1152w, https:\/\/www.vanbreak.com\/wp-content\/uploads\/2023\/02\/IMG_1930-560x747.jpg 560w, https:\/\/www.vanbreak.com\/wp-content\/uploads\/2023\/02\/IMG_1930-840x1120.jpg 840w, https:\/\/www.vanbreak.com\/wp-content\/uploads\/2023\/02\/IMG_1930-1440x1920.jpg 1440w, https:\/\/www.vanbreak.com\/wp-content\/uploads\/2023\/02\/IMG_1930-500x667.jpg 500w, https:\/\/www.vanbreak.com\/wp-content\/uploads\/2023\/02\/IMG_1930-800x1067.jpg 800w\" sizes=\"(max-width: 1536px) 100vw, 1536px\" \/>   <\/div><\/div><div class=\"grve-element grve-image grve-align-center\" style=\"\">  <div class=\"grve-image-wrapper\"><img decoding=\"async\" width=\"1536\" height=\"2048\" src=\"https:\/\/www.vanbreak.com\/wp-content\/uploads\/2023\/02\/IMG_1931-scaled.jpg\" class=\"attachment-full size-full\" alt=\"\" srcset=\"https:\/\/www.vanbreak.com\/wp-content\/uploads\/2023\/02\/IMG_1931-scaled.jpg 1536w, https:\/\/www.vanbreak.com\/wp-content\/uploads\/2023\/02\/IMG_1931-225x300.jpg 225w, https:\/\/www.vanbreak.com\/wp-content\/uploads\/2023\/02\/IMG_1931-768x1024.jpg 768w, https:\/\/www.vanbreak.com\/wp-content\/uploads\/2023\/02\/IMG_1931-1152x1536.jpg 1152w, https:\/\/www.vanbreak.com\/wp-content\/uploads\/2023\/02\/IMG_1931-560x747.jpg 560w, https:\/\/www.vanbreak.com\/wp-content\/uploads\/2023\/02\/IMG_1931-840x1120.jpg 840w, https:\/\/www.vanbreak.com\/wp-content\/uploads\/2023\/02\/IMG_1931-1440x1920.jpg 1440w, https:\/\/www.vanbreak.com\/wp-content\/uploads\/2023\/02\/IMG_1931-500x667.jpg 500w, https:\/\/www.vanbreak.com\/wp-content\/uploads\/2023\/02\/IMG_1931-800x1067.jpg 800w\" sizes=\"(max-width: 1536px) 100vw, 1536px\" \/>   <\/div><\/div><div class=\"grve-element grve-image grve-align-center\" style=\"\">  <div class=\"grve-image-wrapper\"><img decoding=\"async\" width=\"1536\" height=\"2048\" src=\"https:\/\/www.vanbreak.com\/wp-content\/uploads\/2023\/02\/IMG_1934ff-scaled.jpeg\" class=\"attachment-full size-full\" alt=\"\" srcset=\"https:\/\/www.vanbreak.com\/wp-content\/uploads\/2023\/02\/IMG_1934ff-scaled.jpeg 1536w, https:\/\/www.vanbreak.com\/wp-content\/uploads\/2023\/02\/IMG_1934ff-225x300.jpeg 225w, https:\/\/www.vanbreak.com\/wp-content\/uploads\/2023\/02\/IMG_1934ff-768x1024.jpeg 768w, https:\/\/www.vanbreak.com\/wp-content\/uploads\/2023\/02\/IMG_1934ff-1152x1536.jpeg 1152w, https:\/\/www.vanbreak.com\/wp-content\/uploads\/2023\/02\/IMG_1934ff-560x747.jpeg 560w, https:\/\/www.vanbreak.com\/wp-content\/uploads\/2023\/02\/IMG_1934ff-840x1120.jpeg 840w, https:\/\/www.vanbreak.com\/wp-content\/uploads\/2023\/02\/IMG_1934ff-1440x1920.jpeg 1440w, https:\/\/www.vanbreak.com\/wp-content\/uploads\/2023\/02\/IMG_1934ff-500x667.jpeg 500w, https:\/\/www.vanbreak.com\/wp-content\/uploads\/2023\/02\/IMG_1934ff-800x1067.jpeg 800w\" sizes=\"(max-width: 1536px) 100vw, 1536px\" \/>   <\/div><\/div>\t<\/div>  <\/div><\/div>[\/vc_column][\/vc_row][vc_row bg_type=&#8220;color&#8220; padding_top_multiplier=&#8220;&#8220; bg_color=&#8220;#ebecf0&#8243;][vc_column]<div class=\"grve-empty-space grve-height-1x\" style=\"\"><\/div><h3 class=\"grve-element grve-title grve-align-center grve-h3 grve-increase-heading grve-heading-140\" style=\"\"><span><br>\n<p style=\"text-align: center;\">Details zu unserem Angebot<br>\n<\/span><\/h3><div class=\"grve-empty-space grve-height-1x\" style=\"\"><\/div>[vc_column_text]<\/p>\n<ul>\n<li>Vermietung f\u00fcr einen halben oder ganzen Tag<\/li>\n<li>7 freie Pl\u00e4tze<\/li>\n<li>Vermietung mit Fahrer (obligatorisch)<\/li>\n<li>Kilometerpauschale, die bei der Buchung festgelegt wird<\/li>\n<\/ul>\n<p>[\/vc_column_text]<div class=\"grve-empty-space grve-height-1x\" style=\"\"><\/div>[\/vc_column][\/vc_row][vc_row bg_type=&#8220;color&#8220; bg_color=&#8220;#ebecf0&#8243;][vc_column width=&#8220;1\/4&#8243;][\/vc_column][vc_column width=&#8220;1\/2&#8243;]<h2 class=\"grve-element grve-title grve-align-center grve-h2 grve-increase-heading grve-heading-140\" style=\"\"><span>Individueller Kostenvoranschlag:<\/span><\/h2><div class=\"grve-empty-space grve-height-1x\" style=\"\"><\/div>\n<div class=\"wpcf7 no-js\" id=\"wpcf7-f23741-o1\" lang=\"de-DE\" dir=\"ltr\" data-wpcf7-id=\"23741\">\n<div class=\"screen-reader-response\"><p role=\"status\" aria-live=\"polite\" aria-atomic=\"true\"><\/p> <ul><\/ul><\/div>\n<form action=\"\/de\/wp-json\/wp\/v2\/pages\/24566#wpcf7-f23741-o1\" method=\"post\" class=\"wpcf7-form init\" aria-label=\"Kontaktformular\" novalidate=\"novalidate\" data-status=\"init\">\n<fieldset class=\"hidden-fields-container\"><input type=\"hidden\" name=\"_wpcf7\" value=\"23741\" \/><input type=\"hidden\" name=\"_wpcf7_version\" value=\"6.1.5\" \/><input type=\"hidden\" name=\"_wpcf7_locale\" value=\"de_DE\" \/><input type=\"hidden\" name=\"_wpcf7_unit_tag\" value=\"wpcf7-f23741-o1\" \/><input type=\"hidden\" name=\"_wpcf7_container_post\" value=\"0\" \/><input type=\"hidden\" name=\"_wpcf7_posted_data_hash\" value=\"\" \/><input type=\"hidden\" name=\"_wpcf7cf_hidden_group_fields\" value=\"[]\" \/><input type=\"hidden\" name=\"_wpcf7cf_hidden_groups\" value=\"[]\" \/><input type=\"hidden\" name=\"_wpcf7cf_visible_groups\" value=\"[]\" \/><input type=\"hidden\" name=\"_wpcf7cf_repeaters\" value=\"[]\" \/><input type=\"hidden\" name=\"_wpcf7cf_steps\" value=\"{}\" \/><input type=\"hidden\" name=\"_wpcf7cf_options\" value=\"{&quot;form_id&quot;:23741,&quot;conditions&quot;:[],&quot;settings&quot;:{&quot;animation&quot;:&quot;yes&quot;,&quot;animation_intime&quot;:200,&quot;animation_outtime&quot;:200,&quot;conditions_ui&quot;:&quot;normal&quot;,&quot;notice_dismissed&quot;:false}}\" \/><input type=\"hidden\" name=\"_wpcf7_recaptcha_response\" value=\"\" \/>\n<\/fieldset>\n<div>\n\t<p><span class=\"wpcf7-form-control-wrap\" data-name=\"your-name\"><input size=\"40\" maxlength=\"400\" class=\"wpcf7-form-control wpcf7-text wpcf7-validates-as-required\" aria-required=\"true\" aria-invalid=\"false\" placeholder=\"Name \/ Vorname\" value=\"\" type=\"text\" name=\"your-name\" \/><\/span>\n\t<\/p>\n<\/div>\n<div>\n\t<p><span class=\"wpcf7-form-control-wrap\" data-name=\"your-email\"><input size=\"40\" maxlength=\"400\" class=\"wpcf7-form-control wpcf7-email wpcf7-validates-as-required wpcf7-text wpcf7-validates-as-email\" aria-required=\"true\" aria-invalid=\"false\" placeholder=\"E-Mail\" value=\"\" type=\"email\" name=\"your-email\" \/><\/span>\n\t<\/p>\n<\/div>\n<div>\n\t<p><span class=\"wpcf7-form-control-wrap\" data-name=\"your-phone\"><input size=\"40\" maxlength=\"400\" class=\"wpcf7-form-control wpcf7-tel wpcf7-text wpcf7-validates-as-tel\" aria-invalid=\"false\" placeholder=\"Mobiltelefon\" value=\"\" type=\"tel\" name=\"your-phone\" \/><\/span>\n\t<\/p>\n<\/div>\n<div>\n\t<p><span class=\"wpcf7-form-control-wrap\" data-name=\"your-message\"><textarea cols=\"40\" rows=\"10\" maxlength=\"2000\" class=\"wpcf7-form-control wpcf7-textarea\" aria-invalid=\"false\" placeholder=\"Ihre Nachricht\" name=\"your-message\"><\/textarea><\/span>\n\t<\/p>\n<\/div>\n<div>\n\t<p><input class=\"wpcf7-form-control wpcf7-submit has-spinner\" type=\"submit\" value=\"Senden\" \/>\n\t<\/p>\n<\/div><div class=\"wpcf7-response-output\" aria-hidden=\"true\"><\/div>\n<\/form>\n<\/div>\n[\/vc_column][vc_column width=&#8220;1\/4&#8243;][\/vc_column][\/vc_row][vc_column][\/vc_column][vc_column_inner width=&#8220;1\/6&#8243;][\/vc_column_inner]<\/p>\n","protected":false},"excerpt":{"rendered":"<p>[vc_row bg_type=&#8220;color&#8220; bg_color=&#8220;#ebecf0&#8243;][vc_column][vc_column_text]Startseite &gt; Vermietung von eingerichteten Vans &gt; VW-Van California T1 f\u00fcr Veranstaltungen[\/vc_column_text][\/vc_column][\/vc_row][vc_row bg_type=&#8220;color&#8220; bg_color=&#8220;#ebecf0&#8243;][vc_column][vc_column_text]Sie planen den sch\u00f6nsten Tag Ihres Lebens oder m\u00f6chten eine originelle Veranstaltung organisieren: Geburtstag, Taufen, Seminare, Firmenevents, private Feiern&#8230; und Sie sind auf der Suche nach einem Oldtimer oder einem Originalfahrzeug? Dann suchen Sie nicht weiter. Der VW T1 Minibus [&hellip;]<\/p>\n","protected":false},"author":16,"featured_media":13512,"parent":0,"menu_order":0,"comment_status":"closed","ping_status":"closed","template":"","meta":{"footnotes":""},"class_list":["post-24566","page","type-page","status-publish","has-post-thumbnail","hentry"],"_links":{"self":[{"href":"https:\/\/www.vanbreak.com\/de\/wp-json\/wp\/v2\/pages\/24566","targetHints":{"allow":["GET"]}}],"collection":[{"href":"https:\/\/www.vanbreak.com\/de\/wp-json\/wp\/v2\/pages"}],"about":[{"href":"https:\/\/www.vanbreak.com\/de\/wp-json\/wp\/v2\/types\/page"}],"author":[{"embeddable":true,"href":"https:\/\/www.vanbreak.com\/de\/wp-json\/wp\/v2\/users\/16"}],"replies":[{"embeddable":true,"href":"https:\/\/www.vanbreak.com\/de\/wp-json\/wp\/v2\/comments?post=24566"}],"version-history":[{"count":0,"href":"https:\/\/www.vanbreak.com\/de\/wp-json\/wp\/v2\/pages\/24566\/revisions"}],"wp:featuredmedia":[{"embeddable":true,"href":"https:\/\/www.vanbreak.com\/de\/wp-json\/wp\/v2\/media\/13512"}],"wp:attachment":[{"href":"https:\/\/www.vanbreak.com\/de\/wp-json\/wp\/v2\/media?parent=24566"}],"curies":[{"name":"wp","href":"https:\/\/api.w.org\/{rel}","templated":true}]}}